{"id":10,"date":"2025-02-17T09:20:46","date_gmt":"2025-02-17T09:20:46","guid":{"rendered":"https:\/\/gibson.pl\/?page_id=10"},"modified":"2025-05-29T11:45:09","modified_gmt":"2025-05-29T11:45:09","slug":"uwaga-oszusci-podszywaja-sie-pod-marke-gibson","status":"publish","type":"page","link":"https:\/\/gibson.pl\/","title":{"rendered":"Uwaga! Oszu\u015bci podszywaj\u0105 si\u0119 pod mark\u0119 Gibson!"},"content":{"rendered":"\t\t<div data-elementor-type=\"wp-page\" data-elementor-id=\"10\" class=\"elementor elementor-10\" data-elementor-post-type=\"page\">\n\t\t\t\t<div class=\"elementor-element elementor-element-844ee50 e-flex e-con-boxed e-con e-parent\" data-id=\"844ee50\" data-element_type=\"container\">\n\t\t\t\t\t<div class=\"e-con-inner\">\n\t\t\t\t<div class=\"elementor-element elementor-element-ae9eac5 elementor-widget elementor-widget-heading\" data-id=\"ae9eac5\" data-element_type=\"widget\" data-widget_type=\"heading.default\">\n\t\t\t\t<div class=\"elementor-widget-container\">\n\t\t\t\t\t<h5 class=\"elementor-heading-title elementor-size-default\">W ostatnim czasie na Facebooku i innym mediach spo\u0142eczno\u015bciowych  pojawi\u0142y si\u0119 fa\u0142szywe profile o nazwach takich jak \u201eGibson.PL\u201d, kt\u00f3re oferuj\u0105 gitary Gibson za darmo lub za symboliczn\u0105 kwot\u0119. Pod postami znajdziecie komentarze rzekomych \u201eszcz\u0119\u015bliwych zwyci\u0119zc\u00f3w\u201d \u2013 to boty stworzone przez oszust\u00f3w.<\/h5>\t\t\t\t<\/div>\n\t\t\t\t<\/div>\n\t\t\t\t<div class=\"elementor-element elementor-element-376be17 elementor-widget elementor-widget-image\" data-id=\"376be17\" data-element_type=\"widget\" data-widget_type=\"image.default\">\n\t\t\t\t<div class=\"elementor-widget-container\">\n\t\t\t\t\t\t\t\t\t\t\t\t\t\t\t<img fetchpriority=\"high\" decoding=\"async\" width=\"800\" height=\"795\" src=\"https:\/\/gibson.pl\/wp-content\/uploads\/2025\/02\/oszust_6-1024x1017.jpg\" class=\"attachment-large size-large wp-image-81\" alt=\"\" srcset=\"https:\/\/gibson.pl\/wp-content\/uploads\/2025\/02\/oszust_6-1024x1017.jpg 1024w, https:\/\/gibson.pl\/wp-content\/uploads\/2025\/02\/oszust_6-300x298.jpg 300w, https:\/\/gibson.pl\/wp-content\/uploads\/2025\/02\/oszust_6-150x150.jpg 150w, https:\/\/gibson.pl\/wp-content\/uploads\/2025\/02\/oszust_6-768x762.jpg 768w, https:\/\/gibson.pl\/wp-content\/uploads\/2025\/02\/oszust_6.jpg 1374w\" sizes=\"(max-width: 800px) 100vw, 800px\" \/>\t\t\t\t\t\t\t\t\t\t\t\t\t\t\t<\/div>\n\t\t\t\t<\/div>\n\t\t\t\t<div class=\"elementor-element elementor-element-e583188 elementor-widget elementor-widget-text-editor\" data-id=\"e583188\" data-element_type=\"widget\" data-widget_type=\"text-editor.default\">\n\t\t\t\t<div class=\"elementor-widget-container\">\n\t\t\t\t\t\t\t\t\t<p><img decoding=\"async\" class=\"emoji\" role=\"img\" draggable=\"false\" src=\"https:\/\/s.w.org\/images\/core\/emoji\/15.0.3\/svg\/26a0.svg\" alt=\"\u26a0\ufe0f\"> Gibson nigdy nie organizowa\u0142 tego typu \u201epromocji\u201d<\/p>\n<p><!-- \/wp:paragraph --><!-- wp:paragraph --><\/p>\n<p><img decoding=\"async\" class=\"emoji\" role=\"img\" draggable=\"false\" src=\"https:\/\/s.w.org\/images\/core\/emoji\/15.0.3\/svg\/26a0.svg\" alt=\"\u26a0\ufe0f\"> To pr\u00f3ba oszustwa i wy\u0142udzenia Waszych danych<\/p>\n<p><!-- \/wp:paragraph --><!-- wp:paragraph --><\/p>\n<p>Je\u015bli natkniecie si\u0119 na takie strony, zg\u0142aszajcie je bezpo\u015brednio administratorom strony \u2013 dzi\u0119ki takim dzia\u0142aniom jest wi\u0119ksza szansa na powstrzymanie oszusta i jego potencjalnych na\u015bladowc\u00f3w.<\/p>\n<figure class=\"wp-block-gallery has-nested-images columns-default is-cropped\">\n<figure class=\"wp-block-image size-large\"><\/figure>\n<p><!-- \/wp:image --><!-- wp:image {\"id\":22,\"sizeSlug\":\"large\",\"linkDestination\":\"none\"} --><\/p>\n<figure class=\"wp-block-image size-large\"><\/figure>\n<p><!-- \/wp:image --><!-- wp:image {\"id\":14,\"sizeSlug\":\"large\",\"linkDestination\":\"none\"} --><\/p>\n<figure class=\"wp-block-image size-large\"><\/figure>\n<p><!-- \/wp:image --><\/p>\n<\/figure>\n<p><!-- \/wp:gallery --><\/p>\t\t\t\t\t\t\t\t<\/div>\n\t\t\t\t<\/div>\n\t\t\t\t<div class=\"elementor-element elementor-element-3011149 elementor-arrows-position-inside elementor-pagination-position-outside elementor-widget elementor-widget-image-carousel\" data-id=\"3011149\" data-element_type=\"widget\" data-settings=\"{&quot;navigation&quot;:&quot;both&quot;,&quot;autoplay&quot;:&quot;yes&quot;,&quot;pause_on_hover&quot;:&quot;yes&quot;,&quot;pause_on_interaction&quot;:&quot;yes&quot;,&quot;autoplay_speed&quot;:5000,&quot;infinite&quot;:&quot;yes&quot;,&quot;speed&quot;:500}\" data-widget_type=\"image-carousel.default\">\n\t\t\t\t<div class=\"elementor-widget-container\">\n\t\t\t\t\t\t\t<div class=\"elementor-image-carousel-wrapper swiper\" role=\"region\" aria-roledescription=\"carousel\" aria-label=\"Karuzela obrazk\u00f3w\" dir=\"ltr\">\n\t\t\t<div class=\"elementor-image-carousel swiper-wrapper\" aria-live=\"off\">\n\t\t\t\t\t\t\t\t<div class=\"swiper-slide\" role=\"group\" aria-roledescription=\"slide\" aria-label=\"1 z 7\"><a data-elementor-open-lightbox=\"yes\" data-elementor-lightbox-slideshow=\"3011149\" data-elementor-lightbox-title=\"oszust_5\" data-e-action-hash=\"#elementor-action%3Aaction%3Dlightbox%26settings%3DeyJpZCI6ODUsInVybCI6Imh0dHBzOlwvXC9naWJzb24ucGxcL3dwLWNvbnRlbnRcL3VwbG9hZHNcLzIwMjVcLzAyXC9vc3p1c3RfNS5qcGciLCJzbGlkZXNob3ciOiIzMDExMTQ5In0%3D\" href=\"https:\/\/gibson.pl\/wp-content\/uploads\/2025\/02\/oszust_5.jpg\"><figure class=\"swiper-slide-inner\"><img decoding=\"async\" class=\"swiper-slide-image\" src=\"https:\/\/gibson.pl\/wp-content\/uploads\/2025\/02\/oszust_5-300x290.jpg\" alt=\"oszust_5\" \/><\/figure><\/a><\/div><div class=\"swiper-slide\" role=\"group\" aria-roledescription=\"slide\" aria-label=\"2 z 7\"><a data-elementor-open-lightbox=\"yes\" data-elementor-lightbox-slideshow=\"3011149\" data-elementor-lightbox-title=\"oszust_2\" data-e-action-hash=\"#elementor-action%3Aaction%3Dlightbox%26settings%3DeyJpZCI6ODYsInVybCI6Imh0dHBzOlwvXC9naWJzb24ucGxcL3dwLWNvbnRlbnRcL3VwbG9hZHNcLzIwMjVcLzAyXC9vc3p1c3RfMi5qcGciLCJzbGlkZXNob3ciOiIzMDExMTQ5In0%3D\" href=\"https:\/\/gibson.pl\/wp-content\/uploads\/2025\/02\/oszust_2.jpg\"><figure class=\"swiper-slide-inner\"><img decoding=\"async\" class=\"swiper-slide-image\" src=\"https:\/\/gibson.pl\/wp-content\/uploads\/2025\/02\/oszust_2-300x227.jpg\" alt=\"oszust_2\" \/><\/figure><\/a><\/div><div class=\"swiper-slide\" role=\"group\" aria-roledescription=\"slide\" aria-label=\"3 z 7\"><a data-elementor-open-lightbox=\"yes\" data-elementor-lightbox-slideshow=\"3011149\" data-elementor-lightbox-title=\"oszust_8\" data-e-action-hash=\"#elementor-action%3Aaction%3Dlightbox%26settings%3DeyJpZCI6ODcsInVybCI6Imh0dHBzOlwvXC9naWJzb24ucGxcL3dwLWNvbnRlbnRcL3VwbG9hZHNcLzIwMjVcLzAyXC9vc3p1c3RfOC5qcGciLCJzbGlkZXNob3ciOiIzMDExMTQ5In0%3D\" href=\"https:\/\/gibson.pl\/wp-content\/uploads\/2025\/02\/oszust_8.jpg\"><figure class=\"swiper-slide-inner\"><img decoding=\"async\" class=\"swiper-slide-image\" src=\"https:\/\/gibson.pl\/wp-content\/uploads\/2025\/02\/oszust_8-261x300.jpg\" alt=\"oszust_8\" \/><\/figure><\/a><\/div><div class=\"swiper-slide\" role=\"group\" aria-roledescription=\"slide\" aria-label=\"4 z 7\"><a data-elementor-open-lightbox=\"yes\" data-elementor-lightbox-slideshow=\"3011149\" data-elementor-lightbox-title=\"oszust_7\" data-e-action-hash=\"#elementor-action%3Aaction%3Dlightbox%26settings%3DeyJpZCI6ODgsInVybCI6Imh0dHBzOlwvXC9naWJzb24ucGxcL3dwLWNvbnRlbnRcL3VwbG9hZHNcLzIwMjVcLzAyXC9vc3p1c3RfNy5qcGciLCJzbGlkZXNob3ciOiIzMDExMTQ5In0%3D\" href=\"https:\/\/gibson.pl\/wp-content\/uploads\/2025\/02\/oszust_7.jpg\"><figure class=\"swiper-slide-inner\"><img decoding=\"async\" class=\"swiper-slide-image\" src=\"https:\/\/gibson.pl\/wp-content\/uploads\/2025\/02\/oszust_7-263x300.jpg\" alt=\"oszust_7\" \/><\/figure><\/a><\/div><div class=\"swiper-slide\" role=\"group\" aria-roledescription=\"slide\" aria-label=\"5 z 7\"><a data-elementor-open-lightbox=\"yes\" data-elementor-lightbox-slideshow=\"3011149\" data-elementor-lightbox-title=\"oszust_6\" data-e-action-hash=\"#elementor-action%3Aaction%3Dlightbox%26settings%3DeyJpZCI6ODksInVybCI6Imh0dHBzOlwvXC9naWJzb24ucGxcL3dwLWNvbnRlbnRcL3VwbG9hZHNcLzIwMjVcLzAyXC9vc3p1c3RfNi0xLmpwZyIsInNsaWRlc2hvdyI6IjMwMTExNDkifQ%3D%3D\" href=\"https:\/\/gibson.pl\/wp-content\/uploads\/2025\/02\/oszust_6-1.jpg\"><figure class=\"swiper-slide-inner\"><img decoding=\"async\" class=\"swiper-slide-image\" src=\"https:\/\/gibson.pl\/wp-content\/uploads\/2025\/02\/oszust_6-1-300x298.jpg\" alt=\"oszust_6\" \/><\/figure><\/a><\/div><div class=\"swiper-slide\" role=\"group\" aria-roledescription=\"slide\" aria-label=\"6 z 7\"><a data-elementor-open-lightbox=\"yes\" data-elementor-lightbox-slideshow=\"3011149\" data-elementor-lightbox-title=\"oszust_4\" data-e-action-hash=\"#elementor-action%3Aaction%3Dlightbox%26settings%3DeyJpZCI6OTEsInVybCI6Imh0dHBzOlwvXC9naWJzb24ucGxcL3dwLWNvbnRlbnRcL3VwbG9hZHNcLzIwMjVcLzAyXC9vc3p1c3RfNC5qcGciLCJzbGlkZXNob3ciOiIzMDExMTQ5In0%3D\" href=\"https:\/\/gibson.pl\/wp-content\/uploads\/2025\/02\/oszust_4.jpg\"><figure class=\"swiper-slide-inner\"><img decoding=\"async\" class=\"swiper-slide-image\" src=\"https:\/\/gibson.pl\/wp-content\/uploads\/2025\/02\/oszust_4-243x300.jpg\" alt=\"oszust_4\" \/><\/figure><\/a><\/div><div class=\"swiper-slide\" role=\"group\" aria-roledescription=\"slide\" aria-label=\"7 z 7\"><a data-elementor-open-lightbox=\"yes\" data-elementor-lightbox-slideshow=\"3011149\" data-elementor-lightbox-title=\"oszust_3\" data-e-action-hash=\"#elementor-action%3Aaction%3Dlightbox%26settings%3DeyJpZCI6OTIsInVybCI6Imh0dHBzOlwvXC9naWJzb24ucGxcL3dwLWNvbnRlbnRcL3VwbG9hZHNcLzIwMjVcLzAyXC9vc3p1c3RfMy5qcGciLCJzbGlkZXNob3ciOiIzMDExMTQ5In0%3D\" href=\"https:\/\/gibson.pl\/wp-content\/uploads\/2025\/02\/oszust_3.jpg\"><figure class=\"swiper-slide-inner\"><img decoding=\"async\" class=\"swiper-slide-image\" src=\"https:\/\/gibson.pl\/wp-content\/uploads\/2025\/02\/oszust_3-261x300.jpg\" alt=\"oszust_3\" \/><\/figure><\/a><\/div>\t\t\t<\/div>\n\t\t\t\t\t\t\t\t\t\t\t\t<div class=\"elementor-swiper-button elementor-swiper-button-prev\" role=\"button\" tabindex=\"0\">\n\t\t\t\t\t\t<svg aria-hidden=\"true\" class=\"e-font-icon-svg e-eicon-chevron-left\" viewBox=\"0 0 1000 1000\" xmlns=\"http:\/\/www.w3.org\/2000\/svg\"><path d=\"M646 125C629 125 613 133 604 142L308 442C296 454 292 471 292 487 292 504 296 521 308 533L604 854C617 867 629 875 646 875 663 875 679 871 692 858 704 846 713 829 713 812 713 796 708 779 692 767L438 487 692 225C700 217 708 204 708 187 708 171 704 154 692 142 675 129 663 125 646 125Z\"><\/path><\/svg>\t\t\t\t\t<\/div>\n\t\t\t\t\t<div class=\"elementor-swiper-button elementor-swiper-button-next\" role=\"button\" tabindex=\"0\">\n\t\t\t\t\t\t<svg aria-hidden=\"true\" class=\"e-font-icon-svg e-eicon-chevron-right\" viewBox=\"0 0 1000 1000\" xmlns=\"http:\/\/www.w3.org\/2000\/svg\"><path d=\"M696 533C708 521 713 504 713 487 713 471 708 454 696 446L400 146C388 133 375 125 354 125 338 125 325 129 313 142 300 154 292 171 292 187 292 204 296 221 308 233L563 492 304 771C292 783 288 800 288 817 288 833 296 850 308 863 321 871 338 875 354 875 371 875 388 867 400 854L696 533Z\"><\/path><\/svg>\t\t\t\t\t<\/div>\n\t\t\t\t\n\t\t\t\t\t\t\t\t\t<div class=\"swiper-pagination\"><\/div>\n\t\t\t\t\t\t\t\t\t<\/div>\n\t\t\t\t\t\t<\/div>\n\t\t\t\t<\/div>\n\t\t\t\t\t<\/div>\n\t\t\t\t<\/div>\n\t\t<div class=\"elementor-element elementor-element-76df410 e-flex e-con-boxed e-con e-parent\" data-id=\"76df410\" data-element_type=\"container\">\n\t\t\t\t\t<div class=\"e-con-inner\">\n\t\t\t\t\t<\/div>\n\t\t\t\t<\/div>\n\t\t\t\t<\/div>\n\t\t","protected":false},"excerpt":{"rendered":"<p>W ostatnim czasie na Facebooku i innym mediach spo\u0142eczno\u015bciowych pojawi\u0142y si\u0119 fa\u0142szywe profile o nazwach takich jak \u201eGibson.PL\u201d, kt\u00f3re oferuj\u0105 gitary Gibson za darmo lub za symboliczn\u0105 kwot\u0119. Pod postami znajdziecie komentarze rzekomych \u201eszcz\u0119\u015bliwych zwyci\u0119zc\u00f3w\u201d \u2013 to boty stworzone przez oszust\u00f3w. Gibson nigdy nie organizowa\u0142 tego typu \u201epromocji\u201d To pr\u00f3ba oszustwa i wy\u0142udzenia Waszych danych [&hellip;]<\/p>\n","protected":false},"author":1,"featured_media":0,"parent":0,"menu_order":0,"comment_status":"closed","ping_status":"closed","template":"","meta":{"footnotes":""},"class_list":["post-10","page","type-page","status-publish","hentry"],"_links":{"self":[{"href":"https:\/\/gibson.pl\/index.php\/wp-json\/wp\/v2\/pages\/10","targetHints":{"allow":["GET"]}}],"collection":[{"href":"https:\/\/gibson.pl\/index.php\/wp-json\/wp\/v2\/pages"}],"about":[{"href":"https:\/\/gibson.pl\/index.php\/wp-json\/wp\/v2\/types\/page"}],"author":[{"embeddable":true,"href":"https:\/\/gibson.pl\/index.php\/wp-json\/wp\/v2\/users\/1"}],"replies":[{"embeddable":true,"href":"https:\/\/gibson.pl\/index.php\/wp-json\/wp\/v2\/comments?post=10"}],"version-history":[{"count":28,"href":"https:\/\/gibson.pl\/index.php\/wp-json\/wp\/v2\/pages\/10\/revisions"}],"predecessor-version":[{"id":116,"href":"https:\/\/gibson.pl\/index.php\/wp-json\/wp\/v2\/pages\/10\/revisions\/116"}],"wp:attachment":[{"href":"https:\/\/gibson.pl\/index.php\/wp-json\/wp\/v2\/media?parent=10"}],"curies":[{"name":"wp","href":"https:\/\/api.w.org\/{rel}","templated":true}]}}